{"id":5636,"date":"2024-05-21T09:46:00","date_gmt":"2024-05-21T09:46:00","guid":{"rendered":"https:\/\/laola-projekt.de\/?page_id=5636"},"modified":"2024-05-21T10:13:00","modified_gmt":"2024-05-21T10:13:00","slug":"studieninformationen","status":"publish","type":"page","link":"https:\/\/wp.laola-projekt.de\/?page_id=5636&lang=de","title":{"rendered":"Studieninformationen\u00a0"},"content":{"rendered":"\n<p>In der Forschung gibt es verschiedene Arten von Studien, um Daten und Fakten bzw. Antworten zu einer bestimmten Forschungsfrage zu erlangen. Wir f\u00fchren im Sommer 2024 eine Kohortenstudie durch. Bei dieser Studie werden Stimmpatient*innen und ihre Logop\u00e4d*innen dazu befragt, wie sie die Hausaufgabenunterst\u00fctzung mit LAOLA w\u00e4hrend der Therapie erleben.<\/p>\n\n\n\n<p>Daf\u00fcr werden die teilnehmenden Patient*innen in zwei Gruppen aufgeteilt:&nbsp;&nbsp;<\/p>\n\n\n\n<ul class=\"wp-block-list\">\n<li>Gruppe A geht regul\u00e4r zur Logop\u00e4die und bekommt zur Unterst\u00fctzung w\u00e4hrend der Hausaufgaben Zugriff auf die LAOLA-App, um damit zu trainieren. Nach ca. 10 Terminen f\u00fcllen die Patient*innen einen Fragebogen zur Motivation w\u00e4hrend der Hausaufgaben und zur Bewertung der LAOLA-App aus.\u00a0<\/li>\n\n\n\n<li>Gruppe B geht regul\u00e4r zur Logop\u00e4die und f\u00fcllt nach ca. 10 Terminen einen Fragebogen mit Fragen zur Motivation w\u00e4hrend der Hausaufgaben aus.\u00a0#<\/li>\n<\/ul>\n\n\n\n<figure class=\"wp-block-image size-large\"><img fetchpriority=\"high\" decoding=\"async\" width=\"1024\" height=\"683\" src=\"https:\/\/laola-projekt.de\/wp-content\/uploads\/2024\/05\/shutterstock_164722625-1024x683.jpg\" alt=\"\" class=\"wp-image-5639\" srcset=\"https:\/\/wp.laola-projekt.de\/wp-content\/uploads\/2024\/05\/shutterstock_164722625-1024x683.jpg 1024w, https:\/\/wp.laola-projekt.de\/wp-content\/uploads\/2024\/05\/shutterstock_164722625-300x200.jpg 300w, https:\/\/wp.laola-projekt.de\/wp-content\/uploads\/2024\/05\/shutterstock_164722625-768x512.jpg 768w, https:\/\/wp.laola-projekt.de\/wp-content\/uploads\/2024\/05\/shutterstock_164722625-1536x1024.jpg 1536w, https:\/\/wp.laola-projekt.de\/wp-content\/uploads\/2024\/05\/shutterstock_164722625-2048x1365.jpg 2048w, https:\/\/wp.laola-projekt.de\/wp-content\/uploads\/2024\/05\/shutterstock_164722625-1620x1080.jpg 1620w\" sizes=\"(max-width: 1024px) 100vw, 1024px\" \/><\/figure>\n\n\n\n<p>Teilnehmende Logop\u00e4d*innen \/ Stimmtherapeut*innen stellen uns anonymisierte Anamnese- und Diagnostikdaten der teilnehmenden Patient*innen zur Verf\u00fcgung. In einem Fragebogen f\u00fcllen sie aus, welche \u00dcbungen und Methoden wie oft in der Therapie bei ihren PatientInnen durchgef\u00fchrt worden sind und welche Hausaufgaben sie den PatientInnen empfohlen haben. Au\u00dferdem bewerten auch sie die LAOLA-App.\u00a0<\/p>\n\n\n\n<p>Vereinzelt werden Teilnehmende der Studie auch interviewt. Durch den Vergleich beider Gruppen A und B und der R\u00fcckmeldungen ihrer Therapeut*innen erhoffen wir uns Input dazu, wie wir die LAOLA-App optimieren k\u00f6nnen.\u00a0<\/p>\n\n\n\n<p><strong>Datenschutz h\u00f6chste Priorit\u00e4t<\/strong>\u00a0<\/p>\n\n\n\n<p>Unser Forschungsvorhaben wurde von universit\u00e4ren Datensch\u00fctzer*innen und Konsortien der medizinischen Ethikkomissionen genehmigt, unterliegt also strengen Auflagen. Die meisten Daten (z. B. aus den Frageb\u00f6gen) werden anonymisiert, sodass niemand zur\u00fcckf\u00fchren kann, wer was ausgef\u00fcllt hat. In Gruppe A werden von den Patient*innen im Rahmen der LAOLA-App Videos aufgenommen. Diese sind notwendig f\u00fcr unsere Analyse, werden aber nicht an unautorisierte Dritte weitergegeben. Nur bei schriftlicher und m\u00fcndlicher Erlaubnis der Patient*innen d\u00fcrfen ihre Videos im Internet frei zug\u00e4nglich gemacht werden (Open-Access). Alle Daten werden nach Ablauf des Projektes gel\u00f6scht.<\/p>\n\n\n\n<figure class=\"wp-block-image size-large\"><img decoding=\"async\" width=\"1024\" height=\"683\" src=\"https:\/\/laola-projekt.de\/wp-content\/uploads\/2024\/05\/shutterstock_189269810-1024x683.jpg\" alt=\"\" class=\"wp-image-5642\" srcset=\"https:\/\/wp.laola-projekt.de\/wp-content\/uploads\/2024\/05\/shutterstock_189269810-1024x683.jpg 1024w, https:\/\/wp.laola-projekt.de\/wp-content\/uploads\/2024\/05\/shutterstock_189269810-300x200.jpg 300w, https:\/\/wp.laola-projekt.de\/wp-content\/uploads\/2024\/05\/shutterstock_189269810-768x513.jpg 768w, https:\/\/wp.laola-projekt.de\/wp-content\/uploads\/2024\/05\/shutterstock_189269810-1536x1025.jpg 1536w, https:\/\/wp.laola-projekt.de\/wp-content\/uploads\/2024\/05\/shutterstock_189269810-2048x1367.jpg 2048w, https:\/\/wp.laola-projekt.de\/wp-content\/uploads\/2024\/05\/shutterstock_189269810-1618x1080.jpg 1618w\" sizes=\"(max-width: 1024px) 100vw, 1024px\" \/><\/figure>\n\n\n\n<p>In dieser Studie geht es nicht um die Bewertung von Therapeut*innen, Patient*innen oder deren Leistung, sondern nur um die Erfahrungen mit der LAOLA-App im Vergleich zum gewohnten Ablauf. Dies ist sehr wichtig f\u00fcr die Weiterentwicklung therapeutischer Ma\u00dfnahmen zur Verbesserung der Stimmtherapie.<\/p>\n\n\n\n<p>Haben wir Ihr Interesse geweckt? Dann registrieren Sie sich f\u00fcr unsere Studie bei <a href=\"mailto:sabrina.schroeder@uni-oldenburg.de\">Sabrina Schr\u00f6der<\/a> (Universit\u00e4tsklinik f\u00fcr Viszeralchirurgie der Carl von Ossietzky Universit\u00e4t Oldenburg).\u00a0<\/p>\n\n\n\n<p>Hier finden Sie Instruktionen zum<strong> Ablauf der Studie f\u00fcr Therapeut*innen<\/strong>: [<a href=\"https:\/\/ascora.sharepoint.com\/:b:\/s\/Ascora-Projects\/EambgUGMm4FCmXNgRKclSEEBIdr4CQD_VuwG0YBr_Jx70w?e=rv4vaZ\">Download Link<\/a>]\u00a0<\/p>\n\n\n\n<p>Hier finden Sie Instruktionen zum <strong>Ablauf der Studie f\u00fcr Patient*innen<\/strong>: [<a href=\"https:\/\/ascora.sharepoint.com\/:b:\/s\/Ascora-Projects\/EYLWTr2XprxEhIirmzSGq5EBTbwOHC82i1A7tGboWUsSMQ?e=oW0aPe\">Download Link<\/a>]\u00a0<\/p>\n","protected":false},"excerpt":{"rendered":"<p>In der Forschung gibt es verschiedene Arten von Studien, um Daten und Fakten bzw. Antworten zu einer bestimmten Forschungsfrage zu erlangen. Wir f\u00fchren im Sommer 2024 eine Kohortenstudie durch. Bei dieser Studie werden Stimmpatient*innen und ihre Logop\u00e4d*innen dazu befragt, wie sie die Hausaufgabenunterst\u00fctzung mit LAOLA w\u00e4hrend der Therapie erleben. Daf\u00fcr werden die teilnehmenden Patient*innen in&hellip; <br \/> <a class=\"read-more\" href=\"https:\/\/wp.laola-projekt.de\/?page_id=5636&#038;lang=de\">Read more<\/a><\/p>\n","protected":false},"author":1,"featured_media":5639,"parent":0,"menu_order":0,"comment_status":"closed","ping_status":"closed","template":"","meta":{"footnotes":""},"class_list":["post-5636","page","type-page","status-publish","has-post-thumbnail","hentry"],"_links":{"self":[{"href":"https:\/\/wp.laola-projekt.de\/index.php?rest_route=\/wp\/v2\/pages\/5636","targetHints":{"allow":["GET"]}}],"collection":[{"href":"https:\/\/wp.laola-projekt.de\/index.php?rest_route=\/wp\/v2\/pages"}],"about":[{"href":"https:\/\/wp.laola-projekt.de\/index.php?rest_route=\/wp\/v2\/types\/page"}],"author":[{"embeddable":true,"href":"https:\/\/wp.laola-projekt.de\/index.php?rest_route=\/wp\/v2\/users\/1"}],"replies":[{"embeddable":true,"href":"https:\/\/wp.laola-projekt.de\/index.php?rest_route=%2Fwp%2Fv2%2Fcomments&post=5636"}],"version-history":[{"count":1,"href":"https:\/\/wp.laola-projekt.de\/index.php?rest_route=\/wp\/v2\/pages\/5636\/revisions"}],"predecessor-version":[{"id":5645,"href":"https:\/\/wp.laola-projekt.de\/index.php?rest_route=\/wp\/v2\/pages\/5636\/revisions\/5645"}],"wp:featuredmedia":[{"embeddable":true,"href":"https:\/\/wp.laola-projekt.de\/index.php?rest_route=\/wp\/v2\/media\/5639"}],"wp:attachment":[{"href":"https:\/\/wp.laola-projekt.de\/index.php?rest_route=%2Fwp%2Fv2%2Fmedia&parent=5636"}],"curies":[{"name":"wp","href":"https:\/\/api.w.org\/{rel}","templated":true}]}}